{"id":3385,"date":"2016-07-08T17:57:52","date_gmt":"2016-07-08T20:57:52","guid":{"rendered":"https:\/\/www.semiaridos.org\/videos\/"},"modified":"2025-02-13T10:41:55","modified_gmt":"2025-02-13T13:41:55","slug":"videos","status":"publish","type":"page","link":"https:\/\/www.semiaridos.org\/en\/videos\/","title":{"rendered":"Videos"},"content":{"rendered":"<div class=\"wpb-content-wrapper\"><p>[vc_row css_animation=&#8221;element_from_top&#8221; row_type=&#8221;row&#8221; use_row_as_full_screen_section=&#8221;no&#8221; type=&#8221;grid&#8221; angled_section=&#8221;no&#8221; text_align=&#8221;left&#8221; background_image_as_pattern=&#8221;without_pattern&#8221; padding_top=&#8221;40&#8243; transition_delay=&#8221;0&#8243; css=&#8221;.vc_custom_1470455410146{margin-top: 0px !important;margin-bottom: 0px !important;}&#8221;][vc_column][vc_column_text]<\/p>\n<h1 style=\"text-align: center;\"><span style=\"color: #993300;\">Videos<\/span><\/h1>\n<p>[\/vc_column_text][vc_separator type=&#8221;small&#8221; position=&#8221;center&#8221;][\/vc_column][\/vc_row][vc_row css_animation=&#8221;element_from_right&#8221; row_type=&#8221;row&#8221; use_row_as_full_screen_section=&#8221;no&#8221; type=&#8221;grid&#8221; angled_section=&#8221;no&#8221; text_align=&#8221;center&#8221; background_image_as_pattern=&#8221;without_pattern&#8221; padding_top=&#8221;50&#8243;][vc_column][vc_column_text]<\/p>\n<h4 style=\"text-align: center;\">More than forty years of history<\/h4>\n<p>[\/vc_column_text][vc_separator type=&#8221;transparent&#8221;][vc_column_text]<\/p>\n<p style=\"text-align: center;\"><iframe loading=\"lazy\" src=\"https:\/\/www.youtube.com\/embed\/OjVkCK0WU5M\" width=\"840\" height=\"476\" frameborder=\"0\" allowfullscreen=\"allowfullscreen\"><\/iframe><\/p>\n<p>[\/vc_column_text][vc_separator type=&#8221;transparent&#8221;][vc_separator type=&#8221;transparent&#8221;][vc_column_text]<\/p>\n<h4 style=\"text-align: center;\">El Centro de Desarrollo Agroecol\u00f3gico Sabi\u00e1 lanz\u00f3 el v\u00eddeo \u201cLa Agroecolog\u00eda Es Vida\u201d<br \/>\nUn cortometraje que brinda informaci\u00f3n sobre la importancia de la agroecolog\u00eda y los beneficios de producir y consumir alimentos agroecol\u00f3gicos.<\/h4>\n<p>[\/vc_column_text][vc_separator type=&#8221;transparent&#8221;][vc_column_text]<\/p>\n<p style=\"text-align: center;\"><iframe loading=\"lazy\" src=\"https:\/\/www.youtube.com\/embed\/8VbqSrT7JBk\" width=\"560\" height=\"315\" frameborder=\"0\" allowfullscreen=\"allowfullscreen\"><\/iframe><\/p>\n<p>[\/vc_column_text][vc_separator type=&#8221;transparent&#8221;][vc_separator type=&#8221;transparent&#8221;][vc_column_text css=&#8221;&#8221;]<\/p>\n<h4 style=\"text-align: center;\">Intercambio sobre t\u00e9cnicas de captaci\u00f3n de agua de lluvia con Isla Urbana<br \/>\nEn octubre de 2024, la Plataforma Semi\u00e1ridos estuvo en Oaxaca, M\u00e9xico, intercambiando experiencias y conocimientos con organizaciones del Corredor Seco Centroamericano, el Gran Chaco, el Semi\u00e1rido brasile\u00f1o y organizaciones mexicanas.<\/h4>\n<p>[\/vc_column_text][vc_separator type=&#8221;transparent&#8221;][vc_column_text css=&#8221;&#8221;]<\/p>\n<p style=\"text-align: center;\"><iframe loading=\"lazy\" title=\"YouTube video player\" src=\"https:\/\/www.youtube.com\/embed\/6Fuu8MGlxT4?si=w6LPmbzk3MQ4w-Sp\" width=\"560\" height=\"315\" frameborder=\"0\" allowfullscreen=\"allowfullscreen\"><\/iframe><\/p>\n<p>[\/vc_column_text][vc_separator type=&#8221;transparent&#8221;][vc_separator type=&#8221;transparent&#8221;][\/vc_column][\/vc_row]<\/p>\n<\/div>","protected":false},"excerpt":{"rendered":"<p>[vc_row css_animation=&#8221;element_from_top&#8221; row_type=&#8221;row&#8221; use_row_as_full_screen_section=&#8221;no&#8221; type=&#8221;grid&#8221; angled_section=&#8221;no&#8221; text_align=&#8221;left&#8221; background_image_as_pattern=&#8221;without_pattern&#8221; padding_top=&#8221;40&#8243; transition_delay=&#8221;0&#8243; css=&#8221;.vc_custom_1470455410146{margin-top: 0px !important;margin-bottom: 0px !important;}&#8221;][vc_column][vc_column_text] Videos [\/vc_column_text][vc_separator type=&#8221;small&#8221; position=&#8221;center&#8221;][\/vc_column][\/vc_row][vc_row css_animation=&#8221;element_from_right&#8221; row_type=&#8221;row&#8221; use_row_as_full_screen_section=&#8221;no&#8221; type=&#8221;grid&#8221; angled_section=&#8221;no&#8221; text_align=&#8221;center&#8221; background_image_as_pattern=&#8221;without_pattern&#8221; padding_top=&#8221;50&#8243;][vc_column][vc_column_text] More than forty years of history [\/vc_column_text][vc_separator type=&#8221;transparent&#8221;][vc_column_text] [\/vc_column_text][vc_separator type=&#8221;transparent&#8221;][vc_separator type=&#8221;transparent&#8221;][vc_column_text] El Centro de Desarrollo Agroecol\u00f3gico Sabi\u00e1 lanz\u00f3&#8230;<\/p>\n","protected":false},"author":4,"featured_media":2035,"parent":0,"menu_order":0,"comment_status":"closed","ping_status":"closed","template":"","meta":{"footnotes":""},"class_list":["post-3385","page","type-page","status-publish","has-post-thumbnail","hentry"],"yoast_head":"<!-- This site is optimized with the Yoast SEO plugin v26.3 - https:\/\/yoast.com\/wordpress\/plugins\/seo\/ -->\n<title>Videos - Semi\u00e1ridos<\/title>\n<meta name=\"robots\" content=\"index, follow, max-snippet:-1, max-image-preview:large, max-video-preview:-1\" \/>\n<link rel=\"canonical\" href=\"https:\/\/www.semiaridos.org\/en\/videos\/\" \/>\n<meta property=\"og:locale\" content=\"en_US\" \/>\n<meta property=\"og:type\" content=\"article\" \/>\n<meta property=\"og:title\" content=\"Videos - Semi\u00e1ridos\" \/>\n<meta property=\"og:description\" content=\"[vc_row css_animation=&#8221;element_from_top&#8221; row_type=&#8221;row&#8221; use_row_as_full_screen_section=&#8221;no&#8221; type=&#8221;grid&#8221; angled_section=&#8221;no&#8221; text_align=&#8221;left&#8221; background_image_as_pattern=&#8221;without_pattern&#8221; padding_top=&#8221;40&#8243; transition_delay=&#8221;0&#8243; css=&#8221;.vc_custom_1470455410146{margin-top: 0px !important;margin-bottom: 0px !important;}&#8221;][vc_column][vc_column_text] Videos [\/vc_column_text][vc_separator type=&#8221;small&#8221; position=&#8221;center&#8221;][\/vc_column][\/vc_row][vc_row css_animation=&#8221;element_from_right&#8221; row_type=&#8221;row&#8221; use_row_as_full_screen_section=&#8221;no&#8221; type=&#8221;grid&#8221; angled_section=&#8221;no&#8221; text_align=&#8221;center&#8221; background_image_as_pattern=&#8221;without_pattern&#8221; padding_top=&#8221;50&#8243;][vc_column][vc_column_text] More than forty years of history [\/vc_column_text][vc_separator type=&#8221;transparent&#8221;][vc_column_text] [\/vc_column_text][vc_separator type=&#8221;transparent&#8221;][vc_separator type=&#8221;transparent&#8221;][vc_column_text] El Centro de Desarrollo Agroecol\u00f3gico Sabi\u00e1 lanz\u00f3...\" \/>\n<meta property=\"og:url\" content=\"https:\/\/www.semiaridos.org\/en\/videos\/\" \/>\n<meta property=\"og:site_name\" content=\"Semi\u00e1ridos\" \/>\n<meta property=\"article:modified_time\" content=\"2025-02-13T13:41:55+00:00\" \/>\n<meta property=\"og:image\" content=\"https:\/\/www.semiaridos.org\/\/files\/2016\/07\/videos.jpg\" \/>\n\t<meta property=\"og:image:width\" content=\"640\" \/>\n\t<meta property=\"og:image:height\" content=\"426\" \/>\n\t<meta property=\"og:image:type\" content=\"image\/jpeg\" \/>\n<meta name=\"twitter:card\" content=\"summary_large_image\" \/>\n<meta name=\"twitter:label1\" content=\"Est. reading time\" \/>\n\t<meta name=\"twitter:data1\" content=\"1 minute\" \/>\n<script type=\"application\/ld+json\" class=\"yoast-schema-graph\">{\"@context\":\"https:\/\/schema.org\",\"@graph\":[{\"@type\":\"WebPage\",\"@id\":\"https:\/\/www.semiaridos.org\/en\/videos\/\",\"url\":\"https:\/\/www.semiaridos.org\/en\/videos\/\",\"name\":\"Videos - Semi\u00e1ridos\",\"isPartOf\":{\"@id\":\"https:\/\/www.semiaridos.org\/#website\"},\"primaryImageOfPage\":{\"@id\":\"https:\/\/www.semiaridos.org\/en\/videos\/#primaryimage\"},\"image\":{\"@id\":\"https:\/\/www.semiaridos.org\/en\/videos\/#primaryimage\"},\"thumbnailUrl\":\"https:\/\/www.semiaridos.org\/\/files\/2016\/07\/videos.jpg\",\"datePublished\":\"2016-07-08T20:57:52+00:00\",\"dateModified\":\"2025-02-13T13:41:55+00:00\",\"breadcrumb\":{\"@id\":\"https:\/\/www.semiaridos.org\/en\/videos\/#breadcrumb\"},\"inLanguage\":\"en-US\",\"potentialAction\":[{\"@type\":\"ReadAction\",\"target\":[\"https:\/\/www.semiaridos.org\/en\/videos\/\"]}]},{\"@type\":\"ImageObject\",\"inLanguage\":\"en-US\",\"@id\":\"https:\/\/www.semiaridos.org\/en\/videos\/#primaryimage\",\"url\":\"https:\/\/www.semiaridos.org\/\/files\/2016\/07\/videos.jpg\",\"contentUrl\":\"https:\/\/www.semiaridos.org\/\/files\/2016\/07\/videos.jpg\",\"width\":640,\"height\":426},{\"@type\":\"BreadcrumbList\",\"@id\":\"https:\/\/www.semiaridos.org\/en\/videos\/#breadcrumb\",\"itemListElement\":[{\"@type\":\"ListItem\",\"position\":1,\"name\":\"Portada\",\"item\":\"https:\/\/www.semiaridos.org\/en\/\"},{\"@type\":\"ListItem\",\"position\":2,\"name\":\"Videos\"}]},{\"@type\":\"WebSite\",\"@id\":\"https:\/\/www.semiaridos.org\/#website\",\"url\":\"https:\/\/www.semiaridos.org\/\",\"name\":\"Semi\u00e1ridos\",\"description\":\"Otro sitio realizado con WordPress\",\"potentialAction\":[{\"@type\":\"SearchAction\",\"target\":{\"@type\":\"EntryPoint\",\"urlTemplate\":\"https:\/\/www.semiaridos.org\/?s={search_term_string}\"},\"query-input\":{\"@type\":\"PropertyValueSpecification\",\"valueRequired\":true,\"valueName\":\"search_term_string\"}}],\"inLanguage\":\"en-US\"}]}<\/script>\n<!-- \/ Yoast SEO plugin. -->","yoast_head_json":{"title":"Videos - Semi\u00e1ridos","robots":{"index":"index","follow":"follow","max-snippet":"max-snippet:-1","max-image-preview":"max-image-preview:large","max-video-preview":"max-video-preview:-1"},"canonical":"https:\/\/www.semiaridos.org\/en\/videos\/","og_locale":"en_US","og_type":"article","og_title":"Videos - Semi\u00e1ridos","og_description":"[vc_row css_animation=&#8221;element_from_top&#8221; row_type=&#8221;row&#8221; use_row_as_full_screen_section=&#8221;no&#8221; type=&#8221;grid&#8221; angled_section=&#8221;no&#8221; text_align=&#8221;left&#8221; background_image_as_pattern=&#8221;without_pattern&#8221; padding_top=&#8221;40&#8243; transition_delay=&#8221;0&#8243; css=&#8221;.vc_custom_1470455410146{margin-top: 0px !important;margin-bottom: 0px !important;}&#8221;][vc_column][vc_column_text] Videos [\/vc_column_text][vc_separator type=&#8221;small&#8221; position=&#8221;center&#8221;][\/vc_column][\/vc_row][vc_row css_animation=&#8221;element_from_right&#8221; row_type=&#8221;row&#8221; use_row_as_full_screen_section=&#8221;no&#8221; type=&#8221;grid&#8221; angled_section=&#8221;no&#8221; text_align=&#8221;center&#8221; background_image_as_pattern=&#8221;without_pattern&#8221; padding_top=&#8221;50&#8243;][vc_column][vc_column_text] More than forty years of history [\/vc_column_text][vc_separator type=&#8221;transparent&#8221;][vc_column_text] [\/vc_column_text][vc_separator type=&#8221;transparent&#8221;][vc_separator type=&#8221;transparent&#8221;][vc_column_text] El Centro de Desarrollo Agroecol\u00f3gico Sabi\u00e1 lanz\u00f3...","og_url":"https:\/\/www.semiaridos.org\/en\/videos\/","og_site_name":"Semi\u00e1ridos","article_modified_time":"2025-02-13T13:41:55+00:00","og_image":[{"width":640,"height":426,"url":"https:\/\/www.semiaridos.org\/\/files\/2016\/07\/videos.jpg","type":"image\/jpeg"}],"twitter_card":"summary_large_image","twitter_misc":{"Est. reading time":"1 minute"},"schema":{"@context":"https:\/\/schema.org","@graph":[{"@type":"WebPage","@id":"https:\/\/www.semiaridos.org\/en\/videos\/","url":"https:\/\/www.semiaridos.org\/en\/videos\/","name":"Videos - Semi\u00e1ridos","isPartOf":{"@id":"https:\/\/www.semiaridos.org\/#website"},"primaryImageOfPage":{"@id":"https:\/\/www.semiaridos.org\/en\/videos\/#primaryimage"},"image":{"@id":"https:\/\/www.semiaridos.org\/en\/videos\/#primaryimage"},"thumbnailUrl":"https:\/\/www.semiaridos.org\/\/files\/2016\/07\/videos.jpg","datePublished":"2016-07-08T20:57:52+00:00","dateModified":"2025-02-13T13:41:55+00:00","breadcrumb":{"@id":"https:\/\/www.semiaridos.org\/en\/videos\/#breadcrumb"},"inLanguage":"en-US","potentialAction":[{"@type":"ReadAction","target":["https:\/\/www.semiaridos.org\/en\/videos\/"]}]},{"@type":"ImageObject","inLanguage":"en-US","@id":"https:\/\/www.semiaridos.org\/en\/videos\/#primaryimage","url":"https:\/\/www.semiaridos.org\/\/files\/2016\/07\/videos.jpg","contentUrl":"https:\/\/www.semiaridos.org\/\/files\/2016\/07\/videos.jpg","width":640,"height":426},{"@type":"BreadcrumbList","@id":"https:\/\/www.semiaridos.org\/en\/videos\/#breadcrumb","itemListElement":[{"@type":"ListItem","position":1,"name":"Portada","item":"https:\/\/www.semiaridos.org\/en\/"},{"@type":"ListItem","position":2,"name":"Videos"}]},{"@type":"WebSite","@id":"https:\/\/www.semiaridos.org\/#website","url":"https:\/\/www.semiaridos.org\/","name":"Semi\u00e1ridos","description":"Otro sitio realizado con WordPress","potentialAction":[{"@type":"SearchAction","target":{"@type":"EntryPoint","urlTemplate":"https:\/\/www.semiaridos.org\/?s={search_term_string}"},"query-input":{"@type":"PropertyValueSpecification","valueRequired":true,"valueName":"search_term_string"}}],"inLanguage":"en-US"}]}},"_links":{"self":[{"href":"https:\/\/www.semiaridos.org\/en\/wp-json\/wp\/v2\/pages\/3385","targetHints":{"allow":["GET"]}}],"collection":[{"href":"https:\/\/www.semiaridos.org\/en\/wp-json\/wp\/v2\/pages"}],"about":[{"href":"https:\/\/www.semiaridos.org\/en\/wp-json\/wp\/v2\/types\/page"}],"author":[{"embeddable":true,"href":"https:\/\/www.semiaridos.org\/en\/wp-json\/wp\/v2\/users\/4"}],"replies":[{"embeddable":true,"href":"https:\/\/www.semiaridos.org\/en\/wp-json\/wp\/v2\/comments?post=3385"}],"version-history":[{"count":2,"href":"https:\/\/www.semiaridos.org\/en\/wp-json\/wp\/v2\/pages\/3385\/revisions"}],"predecessor-version":[{"id":3389,"href":"https:\/\/www.semiaridos.org\/en\/wp-json\/wp\/v2\/pages\/3385\/revisions\/3389"}],"wp:featuredmedia":[{"embeddable":true,"href":"https:\/\/www.semiaridos.org\/en\/wp-json\/wp\/v2\/media\/2035"}],"wp:attachment":[{"href":"https:\/\/www.semiaridos.org\/en\/wp-json\/wp\/v2\/media?parent=3385"}],"curies":[{"name":"wp","href":"https:\/\/api.w.org\/{rel}","templated":true}]}}