{"id":1052,"date":"2017-02-19T19:16:03","date_gmt":"2017-02-19T22:16:03","guid":{"rendered":"http:\/\/www.semiaridos.org\/?page_id=1052\/"},"modified":"2017-02-23T14:47:05","modified_gmt":"2017-02-23T17:47:05","slug":"contato","status":"publish","type":"page","link":"https:\/\/www.semiaridos.org\/pt-br\/contato\/","title":{"rendered":"Contato"},"content":{"rendered":"<div class=\"wpb-content-wrapper\"><p>[vc_row css_animation=&#8221;&#8221; row_type=&#8221;row&#8221; use_row_as_full_screen_section=&#8221;no&#8221; type=&#8221;full_width&#8221; angled_section=&#8221;no&#8221; text_align=&#8221;left&#8221; background_image_as_pattern=&#8221;without_pattern&#8221;][vc_column][vc_separator type=&#8221;normal&#8221; transparency=&#8221;0&#8243;][vc_separator type=&#8221;normal&#8221; transparency=&#8221;0&#8243;][vc_row_inner row_type=&#8221;row&#8221; type=&#8221;full_width&#8221; text_align=&#8221;left&#8221; css_animation=&#8221;&#8221;][vc_column_inner width=&#8221;1\/2&#8243; css=&#8221;.vc_custom_1466783620153{padding-right: 10px !important;padding-left: 10px !important;}&#8221;]<div class=\"q_box_holder with_icon\" style=\"border-color: #d68957;\"><div class=\"box_holder_icon\"><div class=\"box_holder_icon_inner tiny circle q_icon_animation\" style=\"\"><span data-icon-type=\"circle\" data-icon-hover-color=\"#ffffff\" data-icon-hover-bg-color=\"#d68957\" class=\"qode_iwt_icon_holder fa-stack fa-lg  \" style=\"font-size: 30px;border-color: #d68957;background-color: #f6f6f6\"><i class=\"qode_icon_font_awesome fa fa-phone qode_iwt_icon_element\" style=\"font-size: 30px;color: #d68957\"><\/i><\/span><\/div><\/div><div class=\"box_holder_inner tiny center\"><h3 class=\"icon_title\" style=\"font-weight: 500;\">Telefone<\/h3><span class=\"separator transparent\" style=\"margin: 8px 0;\"><\/span><p style=\"color: #be4600\">(54 387) 421-3064 <\/p><\/div><\/div>[\/vc_column_inner][vc_column_inner width=&#8221;1\/2&#8243; css=&#8221;.vc_custom_1466783628705{padding-right: 10px !important;padding-left: 10px !important;}&#8221;]<div class=\"q_box_holder with_icon\" style=\"border-color: #d68957;\"><div class=\"box_holder_icon\"><div class=\"box_holder_icon_inner tiny circle q_icon_animation\" style=\"\"><span data-icon-type=\"circle\" data-icon-hover-color=\"#ffffff\" data-icon-hover-bg-color=\"#d68957\" class=\"qode_iwt_icon_holder fa-stack fa-lg  \" style=\"font-size: 30px;border-color: #d68957;background-color: #f6f6f6\"><i class=\"qode_icon_font_awesome fa fa-envelope qode_iwt_icon_element\" style=\"font-size: 30px;color: #d68957\"><\/i><\/span><\/div><\/div><div class=\"box_holder_inner tiny center\"><h3 class=\"icon_title\" style=\"font-weight: 500;\">CORREIO ELETR\u00d4NICO<\/h3><span class=\"separator transparent\" style=\"margin: 8px 0;\"><\/span><p style=\"color: #be4600\">info@semiaridos.org<\/p><\/div><\/div>[\/vc_column_inner][\/vc_row_inner][vc_row_inner row_type=&#8221;row&#8221; use_as_box=&#8221;use_row_as_box&#8221; type=&#8221;full_width&#8221; text_align=&#8221;center&#8221; css_animation=&#8221;&#8221;][vc_column_inner][vc_separator type=&#8221;normal&#8221; transparency=&#8221;0&#8243;]<div class=\"qode-animation-holder element_from_top\"><div class=\"qode-animation-holder-inner\"  style=\"-webkit-animation-delay:2s; animation-delay:2s; -webkit-transition-delay:2s; transition-delay:2s\"><div class=\"image_hover hovered\" data-transition-delay=\"2\"><div class=\"images_holder\"><img decoding=\"async\" itemprop=\"image\" class=\"active_image \" src=\"https:\/\/www.semiaridos.org\/\/files\/2016\/06\/Semiaridos-250.png\" alt=\"Main Image\" style=\"\" \/><img decoding=\"async\" itemprop=\"image\" class=\"hover_image\" src=\"https:\/\/www.semiaridos.org\/\/files\/2016\/06\/Semiaridos-gray-250.png\" alt=\"Hover Image\" style=\"\" \/><\/div><\/div><\/div><\/div>[\/vc_column_inner][\/vc_row_inner][\/vc_column][\/vc_row][vc_row css_animation=&#8221;&#8221; row_type=&#8221;row&#8221; use_row_as_full_screen_section=&#8221;no&#8221; type=&#8221;full_width&#8221; angled_section=&#8221;no&#8221; text_align=&#8221;left&#8221; background_image_as_pattern=&#8221;without_pattern&#8221;][vc_column][vc_row_inner row_type=&#8221;row&#8221; type=&#8221;full_width&#8221; text_align=&#8221;center&#8221; css_animation=&#8221;&#8221;][vc_column_inner]<div class=\"qode-animation-holder element_from_fade\"><div class=\"qode-animation-holder-inner\"  style=\"-webkit-animation-delay:1s; animation-delay:1s; -webkit-transition-delay:1s; transition-delay:1s\">[vc_column_text]Tamb\u00e9m \u00e9 poss\u00edvel entrar em contato com as institui\u00e7\u00f5es que fazem parte da plataforma ingressando aqui:[\/vc_column_text]<\/div><\/div>[vc_separator type=&#8221;normal&#8221; transparency=&#8221;0&#8243;]<a  itemprop=\"url\" href=\"\/quienes-somos\/\" target=\"_parent\"  class=\"qbutton  small default\" style=\"\">Integrantes<i class=\"qode_icon_font_awesome fa fa-link qode_button_icon_element\"><\/i><\/a>[\/vc_column_inner][\/vc_row_inner][vc_separator type=&#8221;normal&#8221; transparency=&#8221;0&#8243;][\/vc_column][\/vc_row]<\/p>\n<\/div>","protected":false},"excerpt":{"rendered":"<p>[vc_row css_animation=&#8221;&#8221; row_type=&#8221;row&#8221; use_row_as_full_screen_section=&#8221;no&#8221; type=&#8221;full_width&#8221; angled_section=&#8221;no&#8221; text_align=&#8221;left&#8221; background_image_as_pattern=&#8221;without_pattern&#8221;][vc_column][vc_separator type=&#8221;normal&#8221; transparency=&#8221;0&#8243;][vc_separator type=&#8221;normal&#8221; transparency=&#8221;0&#8243;][vc_row_inner row_type=&#8221;row&#8221; type=&#8221;full_width&#8221; text_align=&#8221;left&#8221; css_animation=&#8221;&#8221;][vc_column_inner width=&#8221;1\/2&#8243; css=&#8221;.vc_custom_1466783620153{padding-right: 10px !important;padding-left: 10px !important;}&#8221;][\/vc_column_inner][vc_column_inner width=&#8221;1\/2&#8243; css=&#8221;.vc_custom_1466783628705{padding-right: 10px !important;padding-left: 10px !important;}&#8221;][\/vc_column_inner][\/vc_row_inner][vc_row_inner row_type=&#8221;row&#8221; use_as_box=&#8221;use_row_as_box&#8221; type=&#8221;full_width&#8221; text_align=&#8221;center&#8221; css_animation=&#8221;&#8221;][vc_column_inner][vc_separator type=&#8221;normal&#8221; transparency=&#8221;0&#8243;][\/vc_column_inner][\/vc_row_inner][\/vc_column][\/vc_row][vc_row css_animation=&#8221;&#8221; row_type=&#8221;row&#8221; use_row_as_full_screen_section=&#8221;no&#8221; type=&#8221;full_width&#8221; angled_section=&#8221;no&#8221; text_align=&#8221;left&#8221; background_image_as_pattern=&#8221;without_pattern&#8221;][vc_column][vc_row_inner row_type=&#8221;row&#8221; type=&#8221;full_width&#8221; text_align=&#8221;center&#8221;&#8230;<\/p>\n","protected":false},"author":3,"featured_media":2050,"parent":0,"menu_order":0,"comment_status":"closed","ping_status":"closed","template":"contact-page.php","meta":{"footnotes":""},"class_list":["post-1052","page","type-page","status-publish","has-post-thumbnail","hentry"],"yoast_head":"<!-- This site is optimized with the Yoast SEO plugin v26.3 - https:\/\/yoast.com\/wordpress\/plugins\/seo\/ -->\n<title>Contato - Semi\u00e1ridos<\/title>\n<meta name=\"robots\" content=\"index, follow, max-snippet:-1, max-image-preview:large, max-video-preview:-1\" \/>\n<link rel=\"canonical\" href=\"https:\/\/www.semiaridos.org\/contacto\/\" \/>\n<meta property=\"og:locale\" content=\"pt_BR\" \/>\n<meta property=\"og:type\" content=\"article\" \/>\n<meta property=\"og:title\" content=\"Contato - Semi\u00e1ridos\" \/>\n<meta property=\"og:description\" content=\"[vc_row css_animation=&#8221;&#8221; row_type=&#8221;row&#8221; use_row_as_full_screen_section=&#8221;no&#8221; type=&#8221;full_width&#8221; angled_section=&#8221;no&#8221; text_align=&#8221;left&#8221; background_image_as_pattern=&#8221;without_pattern&#8221;][vc_column][vc_separator type=&#8221;normal&#8221; transparency=&#8221;0&#8243;][vc_separator type=&#8221;normal&#8221; transparency=&#8221;0&#8243;][vc_row_inner row_type=&#8221;row&#8221; type=&#8221;full_width&#8221; text_align=&#8221;left&#8221; css_animation=&#8221;&#8221;][vc_column_inner width=&#8221;1\/2&#8243; css=&#8221;.vc_custom_1466783620153{padding-right: 10px !important;padding-left: 10px !important;}&#8221;][\/vc_column_inner][vc_column_inner width=&#8221;1\/2&#8243; css=&#8221;.vc_custom_1466783628705{padding-right: 10px !important;padding-left: 10px !important;}&#8221;][\/vc_column_inner][\/vc_row_inner][vc_row_inner row_type=&#8221;row&#8221; use_as_box=&#8221;use_row_as_box&#8221; type=&#8221;full_width&#8221; text_align=&#8221;center&#8221; css_animation=&#8221;&#8221;][vc_column_inner][vc_separator type=&#8221;normal&#8221; transparency=&#8221;0&#8243;][\/vc_column_inner][\/vc_row_inner][\/vc_column][\/vc_row][vc_row css_animation=&#8221;&#8221; row_type=&#8221;row&#8221; use_row_as_full_screen_section=&#8221;no&#8221; type=&#8221;full_width&#8221; angled_section=&#8221;no&#8221; text_align=&#8221;left&#8221; background_image_as_pattern=&#8221;without_pattern&#8221;][vc_column][vc_row_inner row_type=&#8221;row&#8221; type=&#8221;full_width&#8221; text_align=&#8221;center&#8221;...\" \/>\n<meta property=\"og:url\" content=\"https:\/\/www.semiaridos.org\/contacto\/\" \/>\n<meta property=\"og:site_name\" content=\"Semi\u00e1ridos\" \/>\n<meta property=\"article:modified_time\" content=\"2017-02-23T17:47:05+00:00\" \/>\n<meta property=\"og:image\" content=\"http:\/\/www.semiaridos.org\/files\/2016\/06\/Plataforma-Semiaridos-color.png\" \/>\n<meta name=\"twitter:card\" content=\"summary_large_image\" \/>\n<meta name=\"twitter:label1\" content=\"Est. tempo de leitura\" \/>\n\t<meta name=\"twitter:data1\" content=\"2 minutos\" \/>\n<script type=\"application\/ld+json\" class=\"yoast-schema-graph\">{\"@context\":\"https:\/\/schema.org\",\"@graph\":[{\"@type\":\"WebPage\",\"@id\":\"https:\/\/www.semiaridos.org\/contacto\/\",\"url\":\"https:\/\/www.semiaridos.org\/contacto\/\",\"name\":\"Contato - Semi\u00e1ridos\",\"isPartOf\":{\"@id\":\"https:\/\/www.semiaridos.org\/#website\"},\"primaryImageOfPage\":{\"@id\":\"https:\/\/www.semiaridos.org\/contacto\/#primaryimage\"},\"image\":{\"@id\":\"https:\/\/www.semiaridos.org\/contacto\/#primaryimage\"},\"thumbnailUrl\":\"https:\/\/www.semiaridos.org\/\/files\/2016\/06\/Plataforma-Semiaridos-color.png\",\"datePublished\":\"2017-02-19T22:16:03+00:00\",\"dateModified\":\"2017-02-23T17:47:05+00:00\",\"breadcrumb\":{\"@id\":\"https:\/\/www.semiaridos.org\/contacto\/#breadcrumb\"},\"inLanguage\":\"pt-BR\",\"potentialAction\":[{\"@type\":\"ReadAction\",\"target\":[\"https:\/\/www.semiaridos.org\/contacto\/\"]}]},{\"@type\":\"ImageObject\",\"inLanguage\":\"pt-BR\",\"@id\":\"https:\/\/www.semiaridos.org\/contacto\/#primaryimage\",\"url\":\"https:\/\/www.semiaridos.org\/\/files\/2016\/06\/Plataforma-Semiaridos-color.png\",\"contentUrl\":\"https:\/\/www.semiaridos.org\/\/files\/2016\/06\/Plataforma-Semiaridos-color.png\",\"width\":640,\"height\":238},{\"@type\":\"BreadcrumbList\",\"@id\":\"https:\/\/www.semiaridos.org\/contacto\/#breadcrumb\",\"itemListElement\":[{\"@type\":\"ListItem\",\"position\":1,\"name\":\"Portada\",\"item\":\"https:\/\/www.semiaridos.org\/pt-br\/\"},{\"@type\":\"ListItem\",\"position\":2,\"name\":\"Contato\"}]},{\"@type\":\"WebSite\",\"@id\":\"https:\/\/www.semiaridos.org\/#website\",\"url\":\"https:\/\/www.semiaridos.org\/\",\"name\":\"Semi\u00e1ridos\",\"description\":\"Otro sitio realizado con WordPress\",\"potentialAction\":[{\"@type\":\"SearchAction\",\"target\":{\"@type\":\"EntryPoint\",\"urlTemplate\":\"https:\/\/www.semiaridos.org\/?s={search_term_string}\"},\"query-input\":{\"@type\":\"PropertyValueSpecification\",\"valueRequired\":true,\"valueName\":\"search_term_string\"}}],\"inLanguage\":\"pt-BR\"}]}<\/script>\n<!-- \/ Yoast SEO plugin. -->","yoast_head_json":{"title":"Contato - Semi\u00e1ridos","robots":{"index":"index","follow":"follow","max-snippet":"max-snippet:-1","max-image-preview":"max-image-preview:large","max-video-preview":"max-video-preview:-1"},"canonical":"https:\/\/www.semiaridos.org\/contacto\/","og_locale":"pt_BR","og_type":"article","og_title":"Contato - Semi\u00e1ridos","og_description":"[vc_row css_animation=&#8221;&#8221; row_type=&#8221;row&#8221; use_row_as_full_screen_section=&#8221;no&#8221; type=&#8221;full_width&#8221; angled_section=&#8221;no&#8221; text_align=&#8221;left&#8221; background_image_as_pattern=&#8221;without_pattern&#8221;][vc_column][vc_separator type=&#8221;normal&#8221; transparency=&#8221;0&#8243;][vc_separator type=&#8221;normal&#8221; transparency=&#8221;0&#8243;][vc_row_inner row_type=&#8221;row&#8221; type=&#8221;full_width&#8221; text_align=&#8221;left&#8221; css_animation=&#8221;&#8221;][vc_column_inner width=&#8221;1\/2&#8243; css=&#8221;.vc_custom_1466783620153{padding-right: 10px !important;padding-left: 10px !important;}&#8221;][\/vc_column_inner][vc_column_inner width=&#8221;1\/2&#8243; css=&#8221;.vc_custom_1466783628705{padding-right: 10px !important;padding-left: 10px !important;}&#8221;][\/vc_column_inner][\/vc_row_inner][vc_row_inner row_type=&#8221;row&#8221; use_as_box=&#8221;use_row_as_box&#8221; type=&#8221;full_width&#8221; text_align=&#8221;center&#8221; css_animation=&#8221;&#8221;][vc_column_inner][vc_separator type=&#8221;normal&#8221; transparency=&#8221;0&#8243;][\/vc_column_inner][\/vc_row_inner][\/vc_column][\/vc_row][vc_row css_animation=&#8221;&#8221; row_type=&#8221;row&#8221; use_row_as_full_screen_section=&#8221;no&#8221; type=&#8221;full_width&#8221; angled_section=&#8221;no&#8221; text_align=&#8221;left&#8221; background_image_as_pattern=&#8221;without_pattern&#8221;][vc_column][vc_row_inner row_type=&#8221;row&#8221; type=&#8221;full_width&#8221; text_align=&#8221;center&#8221;...","og_url":"https:\/\/www.semiaridos.org\/contacto\/","og_site_name":"Semi\u00e1ridos","article_modified_time":"2017-02-23T17:47:05+00:00","og_image":[{"url":"http:\/\/www.semiaridos.org\/files\/2016\/06\/Plataforma-Semiaridos-color.png","type":"","width":"","height":""}],"twitter_card":"summary_large_image","twitter_misc":{"Est. tempo de leitura":"2 minutos"},"schema":{"@context":"https:\/\/schema.org","@graph":[{"@type":"WebPage","@id":"https:\/\/www.semiaridos.org\/contacto\/","url":"https:\/\/www.semiaridos.org\/contacto\/","name":"Contato - Semi\u00e1ridos","isPartOf":{"@id":"https:\/\/www.semiaridos.org\/#website"},"primaryImageOfPage":{"@id":"https:\/\/www.semiaridos.org\/contacto\/#primaryimage"},"image":{"@id":"https:\/\/www.semiaridos.org\/contacto\/#primaryimage"},"thumbnailUrl":"https:\/\/www.semiaridos.org\/\/files\/2016\/06\/Plataforma-Semiaridos-color.png","datePublished":"2017-02-19T22:16:03+00:00","dateModified":"2017-02-23T17:47:05+00:00","breadcrumb":{"@id":"https:\/\/www.semiaridos.org\/contacto\/#breadcrumb"},"inLanguage":"pt-BR","potentialAction":[{"@type":"ReadAction","target":["https:\/\/www.semiaridos.org\/contacto\/"]}]},{"@type":"ImageObject","inLanguage":"pt-BR","@id":"https:\/\/www.semiaridos.org\/contacto\/#primaryimage","url":"https:\/\/www.semiaridos.org\/\/files\/2016\/06\/Plataforma-Semiaridos-color.png","contentUrl":"https:\/\/www.semiaridos.org\/\/files\/2016\/06\/Plataforma-Semiaridos-color.png","width":640,"height":238},{"@type":"BreadcrumbList","@id":"https:\/\/www.semiaridos.org\/contacto\/#breadcrumb","itemListElement":[{"@type":"ListItem","position":1,"name":"Portada","item":"https:\/\/www.semiaridos.org\/pt-br\/"},{"@type":"ListItem","position":2,"name":"Contato"}]},{"@type":"WebSite","@id":"https:\/\/www.semiaridos.org\/#website","url":"https:\/\/www.semiaridos.org\/","name":"Semi\u00e1ridos","description":"Otro sitio realizado con WordPress","potentialAction":[{"@type":"SearchAction","target":{"@type":"EntryPoint","urlTemplate":"https:\/\/www.semiaridos.org\/?s={search_term_string}"},"query-input":{"@type":"PropertyValueSpecification","valueRequired":true,"valueName":"search_term_string"}}],"inLanguage":"pt-BR"}]}},"_links":{"self":[{"href":"https:\/\/www.semiaridos.org\/pt-br\/wp-json\/wp\/v2\/pages\/1052","targetHints":{"allow":["GET"]}}],"collection":[{"href":"https:\/\/www.semiaridos.org\/pt-br\/wp-json\/wp\/v2\/pages"}],"about":[{"href":"https:\/\/www.semiaridos.org\/pt-br\/wp-json\/wp\/v2\/types\/page"}],"author":[{"embeddable":true,"href":"https:\/\/www.semiaridos.org\/pt-br\/wp-json\/wp\/v2\/users\/3"}],"replies":[{"embeddable":true,"href":"https:\/\/www.semiaridos.org\/pt-br\/wp-json\/wp\/v2\/comments?post=1052"}],"version-history":[{"count":5,"href":"https:\/\/www.semiaridos.org\/pt-br\/wp-json\/wp\/v2\/pages\/1052\/revisions"}],"predecessor-version":[{"id":1213,"href":"https:\/\/www.semiaridos.org\/pt-br\/wp-json\/wp\/v2\/pages\/1052\/revisions\/1213"}],"wp:featuredmedia":[{"embeddable":true,"href":"https:\/\/www.semiaridos.org\/pt-br\/wp-json\/wp\/v2\/media\/2050"}],"wp:attachment":[{"href":"https:\/\/www.semiaridos.org\/pt-br\/wp-json\/wp\/v2\/media?parent=1052"}],"curies":[{"name":"wp","href":"https:\/\/api.w.org\/{rel}","templated":true}]}}